{"id":5021,"date":"2023-04-14T14:08:56","date_gmt":"2023-04-14T14:08:56","guid":{"rendered":"https:\/\/torosfiltrasyon.com\/tr\/?page_id=5021"},"modified":"2023-08-30T00:07:10","modified_gmt":"2023-08-30T00:07:10","slug":"gizlilik-politikasi","status":"publish","type":"page","link":"https:\/\/torosfiltrasyon.com\/tr\/gizlilik-politikasi\/","title":{"rendered":"Gizlilik Politikas\u0131 \/\/ Toros Filtrasyon"},"content":{"rendered":"\t\t<div data-elementor-type=\"wp-page\" data-elementor-id=\"5021\" class=\"elementor elementor-5021\" data-elementor-post-type=\"page\">\n\t\t\t\t<div class=\"elementor-element elementor-element-cd2fdc1 e-flex e-con-boxed e-con e-parent\" data-id=\"cd2fdc1\" data-element_type=\"container\" data-settings=\"{&quot;background_background&quot;:&quot;classic&quot;}\">\n\t\t\t\t\t<div class=\"e-con-inner\">\n\t\t<div class=\"elementor-element elementor-element-8a4812a e-con-full e-flex elementor-invisible e-con e-parent\" data-id=\"8a4812a\" data-element_type=\"container\" data-settings=\"{&quot;animation&quot;:&quot;fadeInDown&quot;,&quot;animation_delay&quot;:150}\">\n\t\t\t\t<div class=\"elementor-element elementor-element-87a1818 elementor-widget elementor-widget-heading\" data-id=\"87a1818\" data-element_type=\"widget\" data-widget_type=\"heading.default\">\n\t\t\t\t<div class=\"elementor-widget-container\">\n\t\t\t<h2 class=\"elementor-heading-title elementor-size-default\">Gizlilik Politikas\u0131<\/h2>\t\t<\/div>\n\t\t\t\t<\/div>\n\t\t\t\t<\/div>\n\t\t\t\t<div class=\"elementor-element elementor-element-a95ae94 elementor-invisible elementor-widget elementor-widget-text-editor\" data-id=\"a95ae94\" data-element_type=\"widget\" data-settings=\"{&quot;_animation&quot;:&quot;fadeIn&quot;,&quot;_animation_delay&quot;:200}\" data-widget_type=\"text-editor.default\">\n\t\t\t\t<div class=\"elementor-widget-container\">\n\t\t\t\t\t\t\t<p><strong>Ge\u00e7erlilik Tarihi: [14.04.2023]<\/strong><\/p><p>Toros olarak, ki\u015fisel bilgilerinizin gizlili\u011fini ve g\u00fcvenli\u011fini koruma taahh\u00fcd\u00fcnde bulunmaktay\u0131z. Bu Gizlilik Politikas\u0131, web sitemiz arac\u0131l\u0131\u011f\u0131yla ki\u015fisel bilgilerinizi nas\u0131l toplad\u0131\u011f\u0131m\u0131z\u0131, kullan\u0131p nas\u0131l a\u00e7\u0131klad\u0131\u011f\u0131m\u0131z\u0131 a\u00e7\u0131klar. Web sitemize eri\u015ferek ve kullanarak, ki\u015fisel bilgilerinizin bu Gizlilik Politikas\u0131&#8217;na uygun olarak toplanmas\u0131na, kullan\u0131lmas\u0131na ve a\u00e7\u0131klanmas\u0131na onay vermi\u015f olursunuz.<\/p><p><strong>Toplad\u0131\u011f\u0131m\u0131z Ki\u015fisel Bilgiler:<\/strong> Web sitemizi ziyaret etti\u011finizde ad\u0131n\u0131z, e-posta adresiniz ve di\u011fer ileti\u015fim bilgileriniz dahil ki\u015fisel bilgilerinizi sizden toplayabiliriz. Ayr\u0131ca, web sitemizin kullan\u0131m\u0131yla ilgili bilgilerinizi, IP adresinizi, taray\u0131c\u0131 t\u00fcr\u00fcn\u00fcz\u00fc ve cihaz bilgilerinizi de toplayabiliriz.<\/p><p><strong>Ki\u015fisel Bilgilerinizi Nas\u0131l Kullan\u0131yoruz:<\/strong> Ki\u015fisel bilgilerinizi \u00fcr\u00fcnlerimiz ve hizmetlerimiz hakk\u0131nda size bilgi vermek, sorular\u0131n\u0131za cevap vermek ve web sitemizi iyile\u015ftirmek i\u00e7in kullanabiliriz. Ayr\u0131ca, ki\u015fisel bilgilerinizi ilgili yasalara ve d\u00fczenlemelere uymak i\u00e7in kullanabiliriz.<\/p><p><strong>Ki\u015fisel Bilgilerinizin A\u00e7\u0131klanmas\u0131:<\/strong> Ki\u015fisel bilgilerinizi, \u00fcr\u00fcn ve hizmetlerimizi sunmam\u0131za yard\u0131mc\u0131 olan hizmet sa\u011flay\u0131c\u0131lar\u0131m\u0131za a\u00e7\u0131klayabiliriz. Ayr\u0131ca, ilgili yasalara ve d\u00fczenlemelere uymak veya bir mahkeme karar\u0131 veya mahkeme emri gibi ge\u00e7erli bir yasal talebe yan\u0131t olarak ki\u015fisel bilgilerinizi a\u00e7\u0131klayabiliriz.<\/p><p><strong>\u00c7erezler:<\/strong> Web sitemiz, web sitemizin kullan\u0131m\u0131 hakk\u0131nda bilgi toplamak i\u00e7in \u00e7erezler ve di\u011fer benzer teknolojileri kullanabilir. \u00c7erezler, bir web sitesini ziyaret etti\u011finizde bilgisayar\u0131n\u0131zda veya cihaz\u0131n\u0131zda depolanan k\u00fc\u00e7\u00fck metin dosyalar\u0131d\u0131r. \u00c7erezleri deneyiminizi ki\u015fiselle\u015ftirmek, web site kullan\u0131m\u0131n\u0131 analiz etmek ve web sitemizi iyile\u015ftirmek i\u00e7in kullanabiliriz.<\/p><p><b>Ki\u015fisel Bilgilerinizin G\u00fcvenli\u011fi:<\/b> Ki\u015fisel bilgilerinizi yetkisiz eri\u015fimden, kullan\u0131mdan ve a\u00e7\u0131klamadan korumak i\u00e7in makul \u00f6nlemler al\u0131yoruz. Ancak, hi\u00e7bir g\u00fcvenlik \u00f6nlemi m\u00fckemmel veya ge\u00e7ilmez de\u011fildir ve ki\u015fisel bilgilerinizin g\u00fcvenli\u011fini garanti edemeyiz.<\/p><p><b>Haklar\u0131n\u0131z:<\/b> Ki\u015fisel bilgilerinize eri\u015fim, g\u00fcncelleme ve d\u00fczeltme hakk\u0131n\u0131z vard\u0131r. Ayr\u0131ca, ki\u015fisel bilgilerinizi silmemizi veya kullan\u0131m\u0131n\u0131 k\u0131s\u0131tlamam\u0131z\u0131 isteyebilirsiniz. Haklar\u0131n\u0131z\u0131 kullanmak i\u00e7in l\u00fctfen bizimle ileti\u015fime ge\u00e7in.<\/p><p><b>Bu Gizlilik Politikas\u0131&#8217;n\u0131n De\u011fi\u015ftirilmesi: <\/b>Bu Gizlilik Politikas\u0131&#8217;n\u0131 zaman zaman g\u00fcncelleyebiliriz. Mevcut Gizlilik Politikas\u0131&#8217;n\u0131n ge\u00e7erlilik tarihi bu sayfan\u0131n \u00fcst\u00fcnde belirtilmi\u015ftir. Ki\u015fisel bilgilerin toplanmas\u0131, kullan\u0131lmas\u0131 ve a\u00e7\u0131klanmas\u0131 hakk\u0131nda bilgilenmek i\u00e7in bu Gizlilik Politikas\u0131&#8217;n\u0131 d\u00fczenli olarak g\u00f6zden ge\u00e7irmenizi \u00f6neririz.<\/p><p><b>\u0130leti\u015fim: <\/b>Bu Gizlilik Politikas\u0131 veya ki\u015fisel bilgilerinizin i\u015flenmesi hakk\u0131nda herhangi bir sorunuz veya endi\u015feniz varsa, l\u00fctfen bizimle ileti\u015fime ge\u00e7in.<\/p>\t\t\t\t\t\t<\/div>\n\t\t\t\t<\/div>\n\t\t\t\t\t<\/div>\n\t\t\t\t<\/div>\n\t\t\t\t<\/div>\n\t\t","protected":false},"excerpt":{"rendered":"<p>Gizlilik Politikas\u0131 Ge\u00e7erlilik Tarihi: [14.04.2023] Toros olarak, ki\u015fisel bilgilerinizin gizlili\u011fini ve g\u00fcvenli\u011fini koruma taahh\u00fcd\u00fcnde bulunmaktay\u0131z. Bu Gizlilik Politikas\u0131, web sitemiz arac\u0131l\u0131\u011f\u0131yla ki\u015fisel bilgilerinizi nas\u0131l toplad\u0131\u011f\u0131m\u0131z\u0131, kullan\u0131p nas\u0131l a\u00e7\u0131klad\u0131\u011f\u0131m\u0131z\u0131 a\u00e7\u0131klar. Web sitemize eri\u015ferek ve kullanarak, ki\u015fisel bilgilerinizin bu Gizlilik Politikas\u0131&#8217;na uygun olarak toplanmas\u0131na, kullan\u0131lmas\u0131na ve a\u00e7\u0131klanmas\u0131na onay vermi\u015f olursunuz. Toplad\u0131\u011f\u0131m\u0131z Ki\u015fisel Bilgiler: Web sitemizi ziyaret etti\u011finizde [&hellip;]<\/p>\n","protected":false},"author":1,"featured_media":0,"parent":0,"menu_order":0,"comment_status":"closed","ping_status":"closed","template":"","meta":{"_acf_changed":false,"footnotes":""},"class_list":["post-5021","page","type-page","status-publish","hentry"],"acf":[],"yoast_head":"<!-- This site is optimized with the Yoast SEO plugin v23.6 - https:\/\/yoast.com\/wordpress\/plugins\/seo\/ -->\n<title>Gizlilik Politikas\u0131 \/\/ Toros Filtrasyon - Toros Filtrasyon Teknolojileri<\/title>\n<meta name=\"robots\" content=\"index, follow, max-snippet:-1, max-image-preview:large, max-video-preview:-1\" \/>\n<link rel=\"canonical\" href=\"https:\/\/torosfiltrasyon.com\/tr\/gizlilik-politikasi\/\" \/>\n<meta property=\"og:locale\" content=\"tr_TR\" \/>\n<meta property=\"og:type\" content=\"article\" \/>\n<meta property=\"og:title\" content=\"Gizlilik Politikas\u0131 \/\/ Toros Filtrasyon - Toros Filtrasyon Teknolojileri\" \/>\n<meta property=\"og:description\" content=\"Gizlilik Politikas\u0131 Ge\u00e7erlilik Tarihi: [14.04.2023] Toros olarak, ki\u015fisel bilgilerinizin gizlili\u011fini ve g\u00fcvenli\u011fini koruma taahh\u00fcd\u00fcnde bulunmaktay\u0131z. Bu Gizlilik Politikas\u0131, web sitemiz arac\u0131l\u0131\u011f\u0131yla ki\u015fisel bilgilerinizi nas\u0131l toplad\u0131\u011f\u0131m\u0131z\u0131, kullan\u0131p nas\u0131l a\u00e7\u0131klad\u0131\u011f\u0131m\u0131z\u0131 a\u00e7\u0131klar. Web sitemize eri\u015ferek ve kullanarak, ki\u015fisel bilgilerinizin bu Gizlilik Politikas\u0131&#8217;na uygun olarak toplanmas\u0131na, kullan\u0131lmas\u0131na ve a\u00e7\u0131klanmas\u0131na onay vermi\u015f olursunuz. Toplad\u0131\u011f\u0131m\u0131z Ki\u015fisel Bilgiler: Web sitemizi ziyaret etti\u011finizde [&hellip;]\" \/>\n<meta property=\"og:url\" content=\"https:\/\/torosfiltrasyon.com\/tr\/gizlilik-politikasi\/\" \/>\n<meta property=\"og:site_name\" content=\"Toros Filtrasyon Teknolojileri\" \/>\n<meta property=\"article:modified_time\" content=\"2023-08-30T00:07:10+00:00\" \/>\n<meta name=\"twitter:card\" content=\"summary_large_image\" \/>\n<meta name=\"twitter:label1\" content=\"Tahmini okuma s\u00fcresi\" \/>\n\t<meta name=\"twitter:data1\" content=\"2 dakika\" \/>\n<script type=\"application\/ld+json\" class=\"yoast-schema-graph\">{\"@context\":\"https:\/\/schema.org\",\"@graph\":[{\"@type\":\"WebPage\",\"@id\":\"https:\/\/torosfiltrasyon.com\/tr\/gizlilik-politikasi\/\",\"url\":\"https:\/\/torosfiltrasyon.com\/tr\/gizlilik-politikasi\/\",\"name\":\"Gizlilik Politikas\u0131 \/\/ Toros Filtrasyon - Toros Filtrasyon Teknolojileri\",\"isPartOf\":{\"@id\":\"https:\/\/torosfiltrasyon.com\/tr\/#website\"},\"datePublished\":\"2023-04-14T14:08:56+00:00\",\"dateModified\":\"2023-08-30T00:07:10+00:00\",\"breadcrumb\":{\"@id\":\"https:\/\/torosfiltrasyon.com\/tr\/gizlilik-politikasi\/#breadcrumb\"},\"inLanguage\":\"tr\",\"potentialAction\":[{\"@type\":\"ReadAction\",\"target\":[\"https:\/\/torosfiltrasyon.com\/tr\/gizlilik-politikasi\/\"]}]},{\"@type\":\"BreadcrumbList\",\"@id\":\"https:\/\/torosfiltrasyon.com\/tr\/gizlilik-politikasi\/#breadcrumb\",\"itemListElement\":[{\"@type\":\"ListItem\",\"position\":1,\"name\":\"Home\",\"item\":\"https:\/\/torosfiltrasyon.com\/tr\/\"},{\"@type\":\"ListItem\",\"position\":2,\"name\":\"Gizlilik Politikas\u0131 \/\/ Toros Filtrasyon\"}]},{\"@type\":\"WebSite\",\"@id\":\"https:\/\/torosfiltrasyon.com\/tr\/#website\",\"url\":\"https:\/\/torosfiltrasyon.com\/tr\/\",\"name\":\"Toros Filtrasyon Teknolojileri\",\"description\":\"\",\"publisher\":{\"@id\":\"https:\/\/torosfiltrasyon.com\/tr\/#organization\"},\"potentialAction\":[{\"@type\":\"SearchAction\",\"target\":{\"@type\":\"EntryPoint\",\"urlTemplate\":\"https:\/\/torosfiltrasyon.com\/tr\/?s={search_term_string}\"},\"query-input\":{\"@type\":\"PropertyValueSpecification\",\"valueRequired\":true,\"valueName\":\"search_term_string\"}}],\"inLanguage\":\"tr\"},{\"@type\":\"Organization\",\"@id\":\"https:\/\/torosfiltrasyon.com\/tr\/#organization\",\"name\":\"Toros Filtrasyon Teknolojileri Ltd. \u015eti.\",\"url\":\"https:\/\/torosfiltrasyon.com\/tr\/\",\"logo\":{\"@type\":\"ImageObject\",\"inLanguage\":\"tr\",\"@id\":\"https:\/\/torosfiltrasyon.com\/tr\/#\/schema\/logo\/image\/\",\"url\":\"https:\/\/torosfiltrasyon.com\/tr\/wp-content\/uploads\/2023\/02\/Toros.png\",\"contentUrl\":\"https:\/\/torosfiltrasyon.com\/tr\/wp-content\/uploads\/2023\/02\/Toros.png\",\"width\":5805,\"height\":1517,\"caption\":\"Toros Filtrasyon Teknolojileri Ltd. \u015eti.\"},\"image\":{\"@id\":\"https:\/\/torosfiltrasyon.com\/tr\/#\/schema\/logo\/image\/\"}}]}<\/script>\n<!-- \/ Yoast SEO plugin. -->","yoast_head_json":{"title":"Gizlilik Politikas\u0131 \/\/ Toros Filtrasyon - Toros Filtrasyon Teknolojileri","robots":{"index":"index","follow":"follow","max-snippet":"max-snippet:-1","max-image-preview":"max-image-preview:large","max-video-preview":"max-video-preview:-1"},"canonical":"https:\/\/torosfiltrasyon.com\/tr\/gizlilik-politikasi\/","og_locale":"tr_TR","og_type":"article","og_title":"Gizlilik Politikas\u0131 \/\/ Toros Filtrasyon - Toros Filtrasyon Teknolojileri","og_description":"Gizlilik Politikas\u0131 Ge\u00e7erlilik Tarihi: [14.04.2023] Toros olarak, ki\u015fisel bilgilerinizin gizlili\u011fini ve g\u00fcvenli\u011fini koruma taahh\u00fcd\u00fcnde bulunmaktay\u0131z. Bu Gizlilik Politikas\u0131, web sitemiz arac\u0131l\u0131\u011f\u0131yla ki\u015fisel bilgilerinizi nas\u0131l toplad\u0131\u011f\u0131m\u0131z\u0131, kullan\u0131p nas\u0131l a\u00e7\u0131klad\u0131\u011f\u0131m\u0131z\u0131 a\u00e7\u0131klar. Web sitemize eri\u015ferek ve kullanarak, ki\u015fisel bilgilerinizin bu Gizlilik Politikas\u0131&#8217;na uygun olarak toplanmas\u0131na, kullan\u0131lmas\u0131na ve a\u00e7\u0131klanmas\u0131na onay vermi\u015f olursunuz. Toplad\u0131\u011f\u0131m\u0131z Ki\u015fisel Bilgiler: Web sitemizi ziyaret etti\u011finizde [&hellip;]","og_url":"https:\/\/torosfiltrasyon.com\/tr\/gizlilik-politikasi\/","og_site_name":"Toros Filtrasyon Teknolojileri","article_modified_time":"2023-08-30T00:07:10+00:00","twitter_card":"summary_large_image","twitter_misc":{"Tahmini okuma s\u00fcresi":"2 dakika"},"schema":{"@context":"https:\/\/schema.org","@graph":[{"@type":"WebPage","@id":"https:\/\/torosfiltrasyon.com\/tr\/gizlilik-politikasi\/","url":"https:\/\/torosfiltrasyon.com\/tr\/gizlilik-politikasi\/","name":"Gizlilik Politikas\u0131 \/\/ Toros Filtrasyon - Toros Filtrasyon Teknolojileri","isPartOf":{"@id":"https:\/\/torosfiltrasyon.com\/tr\/#website"},"datePublished":"2023-04-14T14:08:56+00:00","dateModified":"2023-08-30T00:07:10+00:00","breadcrumb":{"@id":"https:\/\/torosfiltrasyon.com\/tr\/gizlilik-politikasi\/#breadcrumb"},"inLanguage":"tr","potentialAction":[{"@type":"ReadAction","target":["https:\/\/torosfiltrasyon.com\/tr\/gizlilik-politikasi\/"]}]},{"@type":"BreadcrumbList","@id":"https:\/\/torosfiltrasyon.com\/tr\/gizlilik-politikasi\/#breadcrumb","itemListElement":[{"@type":"ListItem","position":1,"name":"Home","item":"https:\/\/torosfiltrasyon.com\/tr\/"},{"@type":"ListItem","position":2,"name":"Gizlilik Politikas\u0131 \/\/ Toros Filtrasyon"}]},{"@type":"WebSite","@id":"https:\/\/torosfiltrasyon.com\/tr\/#website","url":"https:\/\/torosfiltrasyon.com\/tr\/","name":"Toros Filtrasyon Teknolojileri","description":"","publisher":{"@id":"https:\/\/torosfiltrasyon.com\/tr\/#organization"},"potentialAction":[{"@type":"SearchAction","target":{"@type":"EntryPoint","urlTemplate":"https:\/\/torosfiltrasyon.com\/tr\/?s={search_term_string}"},"query-input":{"@type":"PropertyValueSpecification","valueRequired":true,"valueName":"search_term_string"}}],"inLanguage":"tr"},{"@type":"Organization","@id":"https:\/\/torosfiltrasyon.com\/tr\/#organization","name":"Toros Filtrasyon Teknolojileri Ltd. \u015eti.","url":"https:\/\/torosfiltrasyon.com\/tr\/","logo":{"@type":"ImageObject","inLanguage":"tr","@id":"https:\/\/torosfiltrasyon.com\/tr\/#\/schema\/logo\/image\/","url":"https:\/\/torosfiltrasyon.com\/tr\/wp-content\/uploads\/2023\/02\/Toros.png","contentUrl":"https:\/\/torosfiltrasyon.com\/tr\/wp-content\/uploads\/2023\/02\/Toros.png","width":5805,"height":1517,"caption":"Toros Filtrasyon Teknolojileri Ltd. \u015eti."},"image":{"@id":"https:\/\/torosfiltrasyon.com\/tr\/#\/schema\/logo\/image\/"}}]}},"jetpack_sharing_enabled":true,"_links":{"self":[{"href":"https:\/\/torosfiltrasyon.com\/tr\/wp-json\/wp\/v2\/pages\/5021"}],"collection":[{"href":"https:\/\/torosfiltrasyon.com\/tr\/wp-json\/wp\/v2\/pages"}],"about":[{"href":"https:\/\/torosfiltrasyon.com\/tr\/wp-json\/wp\/v2\/types\/page"}],"author":[{"embeddable":true,"href":"https:\/\/torosfiltrasyon.com\/tr\/wp-json\/wp\/v2\/users\/1"}],"replies":[{"embeddable":true,"href":"https:\/\/torosfiltrasyon.com\/tr\/wp-json\/wp\/v2\/comments?post=5021"}],"version-history":[{"count":20,"href":"https:\/\/torosfiltrasyon.com\/tr\/wp-json\/wp\/v2\/pages\/5021\/revisions"}],"predecessor-version":[{"id":6131,"href":"https:\/\/torosfiltrasyon.com\/tr\/wp-json\/wp\/v2\/pages\/5021\/revisions\/6131"}],"wp:attachment":[{"href":"https:\/\/torosfiltrasyon.com\/tr\/wp-json\/wp\/v2\/media?parent=5021"}],"curies":[{"name":"wp","href":"https:\/\/api.w.org\/{rel}","templated":true}]}}