{"id":5015,"date":"2023-04-14T14:06:28","date_gmt":"2023-04-14T14:06:28","guid":{"rendered":"https:\/\/torosfiltrasyon.com\/tr\/?page_id=5015"},"modified":"2023-08-30T00:07:04","modified_gmt":"2023-08-30T00:07:04","slug":"kullanim-kosullari","status":"publish","type":"page","link":"https:\/\/torosfiltrasyon.com\/tr\/kullanim-kosullari\/","title":{"rendered":"Kullan\u0131m Ko\u015fullar\u0131 \/\/ Toros Filtrasyon"},"content":{"rendered":"\t\t<div data-elementor-type=\"wp-page\" data-elementor-id=\"5015\" class=\"elementor elementor-5015\" data-elementor-post-type=\"page\">\n\t\t\t\t<div class=\"elementor-element elementor-element-0eac213 e-flex e-con-boxed e-con e-parent\" data-id=\"0eac213\" data-element_type=\"container\" data-settings=\"{&quot;background_background&quot;:&quot;classic&quot;}\">\n\t\t\t\t\t<div class=\"e-con-inner\">\n\t\t<div class=\"elementor-element elementor-element-9e95412 e-con-full e-flex elementor-invisible e-con e-parent\" data-id=\"9e95412\" data-element_type=\"container\" data-settings=\"{&quot;animation&quot;:&quot;fadeInDown&quot;,&quot;animation_delay&quot;:150}\">\n\t\t\t\t<div class=\"elementor-element elementor-element-3f63e95 elementor-widget elementor-widget-heading\" data-id=\"3f63e95\" data-element_type=\"widget\" data-widget_type=\"heading.default\">\n\t\t\t\t<div class=\"elementor-widget-container\">\n\t\t\t<h2 class=\"elementor-heading-title elementor-size-default\">Kullan\u0131m Ko\u015fullar\u0131<\/h2>\t\t<\/div>\n\t\t\t\t<\/div>\n\t\t\t\t<\/div>\n\t\t\t\t<div class=\"elementor-element elementor-element-3d694d1 elementor-invisible elementor-widget elementor-widget-text-editor\" data-id=\"3d694d1\" data-element_type=\"widget\" data-settings=\"{&quot;_animation&quot;:&quot;fadeIn&quot;,&quot;_animation_delay&quot;:200}\" data-widget_type=\"text-editor.default\">\n\t\t\t\t<div class=\"elementor-widget-container\">\n\t\t\t\t\t\t\t<ol>\n<li><strong>Kullan\u0131m \u015eartlar\u0131n\u0131 Kabul Etme:<\/strong> Toros web sitesine eri\u015ferek ve kullanarak, bu Kullan\u0131m \u015eartlar\u0131na ba\u011fl\u0131 oldu\u011funuzu kabul edersiniz. Bu \u015fartlardan herhangi birine kat\u0131lm\u0131yorsan\u0131z, l\u00fctfen bu web sitesini kullanmay\u0131n. Toros, bu Kullan\u0131m \u015eartlar\u0131n\u0131 \u00f6nceden bildirim yapmaks\u0131z\u0131n her zaman de\u011fi\u015ftirme hakk\u0131n\u0131 sakl\u0131 tutar. Kullan\u0131m \u015eartlar\u0131ndaki herhangi bir de\u011fi\u015fiklikten sonra web sitesini kullanmaya devam etmeniz, de\u011fi\u015ftirilmi\u015f Kullan\u0131m \u015eartlar\u0131n\u0131 kabul etti\u011finiz anlam\u0131na gelecektir.<\/li>\n<li><b>Fikri M\u00fclkiyet: <\/b>Bu web sitesindeki t\u00fcm i\u00e7erik, metin, g\u00f6rseller, logolar ve di\u011fer materyaller, Toros&#8217;un m\u00fclkiyetindedir ve T\u00fcrk ve uluslararas\u0131 telif hukuku taraf\u0131ndan korunmaktad\u0131r. Toros&#8217;un \u00f6nceden yaz\u0131l\u0131 izni olmadan bu web sitesinden herhangi bir i\u00e7eri\u011fi kullanamazs\u0131n\u0131z.<\/li>\n<li><b>Sorumluluk Reddi: <\/b>Bu web sitesinde sunulan bilgiler yaln\u0131zca genel bilgilendirme amac\u0131yla sa\u011flanm\u0131\u015f olup, bildirim yap\u0131lmaks\u0131z\u0131n de\u011fi\u015febilir. Do\u011fru ve g\u00fcncel bilgi sa\u011flama konusunda \u00e7aba g\u00f6sterirken, web sitesi veya bilgiler, \u00fcr\u00fcnler, hizmetler veya web sitesindeki bilgileri i\u00e7eren ilgili grafiklerin eksiksizli\u011fi, do\u011frulu\u011fu, g\u00fcvenilirli\u011fi, uygunlu\u011fu veya eri\u015filebilirli\u011fi hakk\u0131nda herhangi bir t\u00fcrde, a\u00e7\u0131k veya z\u0131mni, temsil veya garanti vermiyoruz. Toros, bu web sitesinin kullan\u0131m\u0131ndan kaynaklanan herhangi bir kay\u0131p veya hasardan sorumlu olmayacakt\u0131r, bu kay\u0131p veya hasar s\u0131n\u0131rl\u0131 olmamak kayd\u0131yla dolayl\u0131 veya sonu\u00e7sal kay\u0131p veya hasar dahil.<\/li>\n<li><b>\u00dc\u00e7\u00fcnc\u00fc Taraf Web Siteleri:<\/b> Bu web sitesi, Toros&#8217;un kontrol\u00fc alt\u0131nda olmayan \u00fc\u00e7\u00fcnc\u00fc taraf web sitelerine ba\u011flant\u0131lar i\u00e7erebilir. Bu sitelerin do\u011fas\u0131, i\u00e7eri\u011fi ve eri\u015filebilirli\u011fi \u00fczerinde hi\u00e7bir kontrol\u00fcm\u00fcz yoktur. Ba\u011flant\u0131lar\u0131n dahil edilmesi, bu ba\u011flant\u0131lar arac\u0131l\u0131\u011f\u0131yla ifade edilen g\u00f6r\u00fc\u015flerin \u00f6nerildi\u011fi veya desteklendi\u011fi anlam\u0131na gelmez.<\/li>\n<li><b>Uygulanabilir Hukuk ve Yetki:<\/b> Bu web sitesinin kullan\u0131m\u0131 ve bu kullan\u0131mdan kaynaklanan her t\u00fcrl\u00fc anla\u015fmazl\u0131k, T\u00fcrkiye Cumhuriyeti kanunlar\u0131na tabidir. Bu web sitesi ile ilgili herhangi bir yasal i\u015flem veya dava yaln\u0131zca \u0130stanbul, T\u00fcrkiye mahkemelerinde a\u00e7\u0131lmal\u0131d\u0131r.<\/li>\n<li><b>Tazminat<\/b>: Bu web sitesini kullan\u0131m\u0131n\u0131zdan kaynaklanan t\u00fcm iddialardan, kay\u0131plardan, masraflerden, hasarlardan ve maliyetlerden, makul avukat \u00fccretleri dahil olmak \u00fczere, sizi, Toros&#8217;u, ba\u011fl\u0131 \u015firketlerini, y\u00f6neticilerini, \u00e7al\u0131\u015fanlar\u0131n\u0131, acentelerini, lisans\u00f6rlerini ve tedarik\u00e7ilerini tazmin etmeyi kabul edersiniz.<\/li>\n<li><b>Sonland\u0131rma<\/b>: Toros, herhangi bir neden veya hi\u00e7bir neden bildirmeksizin bu web sitesinin t\u00fcm\u00fcn\u00fc veya bir b\u00f6l\u00fcm\u00fcn\u00fc eri\u015fiminizi sonland\u0131rabilir veya ask\u0131ya alabilir.<\/li>\n<li><b>\u0130leti\u015fim:<\/b> Bu Kullan\u0131m \u015eartlar\u0131 ile ilgili herhangi bir sorunuz veya endi\u015feniz varsa, l\u00fctfen bizimle ileti\u015fime ge\u00e7in.<\/li>\n<\/ol>\t\t\t\t\t\t<\/div>\n\t\t\t\t<\/div>\n\t\t\t\t\t<\/div>\n\t\t\t\t<\/div>\n\t\t\t\t<\/div>\n\t\t","protected":false},"excerpt":{"rendered":"<p>Kullan\u0131m Ko\u015fullar\u0131 Kullan\u0131m \u015eartlar\u0131n\u0131 Kabul Etme: Toros web sitesine eri\u015ferek ve kullanarak, bu Kullan\u0131m \u015eartlar\u0131na ba\u011fl\u0131 oldu\u011funuzu kabul edersiniz. Bu \u015fartlardan herhangi birine kat\u0131lm\u0131yorsan\u0131z, l\u00fctfen bu web sitesini kullanmay\u0131n. Toros, bu Kullan\u0131m \u015eartlar\u0131n\u0131 \u00f6nceden bildirim yapmaks\u0131z\u0131n her zaman de\u011fi\u015ftirme hakk\u0131n\u0131 sakl\u0131 tutar. Kullan\u0131m \u015eartlar\u0131ndaki herhangi bir de\u011fi\u015fiklikten sonra web sitesini kullanmaya devam etmeniz, de\u011fi\u015ftirilmi\u015f Kullan\u0131m [&hellip;]<\/p>\n","protected":false},"author":1,"featured_media":0,"parent":0,"menu_order":0,"comment_status":"closed","ping_status":"closed","template":"","meta":{"_acf_changed":false,"footnotes":""},"class_list":["post-5015","page","type-page","status-publish","hentry"],"acf":[],"yoast_head":"<!-- This site is optimized with the Yoast SEO plugin v23.6 - https:\/\/yoast.com\/wordpress\/plugins\/seo\/ -->\n<title>Kullan\u0131m Ko\u015fullar\u0131 \/\/ Toros Filtrasyon - Toros Filtrasyon Teknolojileri<\/title>\n<meta name=\"robots\" content=\"index, follow, max-snippet:-1, max-image-preview:large, max-video-preview:-1\" \/>\n<link rel=\"canonical\" href=\"https:\/\/torosfiltrasyon.com\/tr\/kullanim-kosullari\/\" \/>\n<meta property=\"og:locale\" content=\"tr_TR\" \/>\n<meta property=\"og:type\" content=\"article\" \/>\n<meta property=\"og:title\" content=\"Kullan\u0131m Ko\u015fullar\u0131 \/\/ Toros Filtrasyon - Toros Filtrasyon Teknolojileri\" \/>\n<meta property=\"og:description\" content=\"Kullan\u0131m Ko\u015fullar\u0131 Kullan\u0131m \u015eartlar\u0131n\u0131 Kabul Etme: Toros web sitesine eri\u015ferek ve kullanarak, bu Kullan\u0131m \u015eartlar\u0131na ba\u011fl\u0131 oldu\u011funuzu kabul edersiniz. Bu \u015fartlardan herhangi birine kat\u0131lm\u0131yorsan\u0131z, l\u00fctfen bu web sitesini kullanmay\u0131n. Toros, bu Kullan\u0131m \u015eartlar\u0131n\u0131 \u00f6nceden bildirim yapmaks\u0131z\u0131n her zaman de\u011fi\u015ftirme hakk\u0131n\u0131 sakl\u0131 tutar. Kullan\u0131m \u015eartlar\u0131ndaki herhangi bir de\u011fi\u015fiklikten sonra web sitesini kullanmaya devam etmeniz, de\u011fi\u015ftirilmi\u015f Kullan\u0131m [&hellip;]\" \/>\n<meta property=\"og:url\" content=\"https:\/\/torosfiltrasyon.com\/tr\/kullanim-kosullari\/\" \/>\n<meta property=\"og:site_name\" content=\"Toros Filtrasyon Teknolojileri\" \/>\n<meta property=\"article:modified_time\" content=\"2023-08-30T00:07:04+00:00\" \/>\n<meta name=\"twitter:card\" content=\"summary_large_image\" \/>\n<meta name=\"twitter:label1\" content=\"Tahmini okuma s\u00fcresi\" \/>\n\t<meta name=\"twitter:data1\" content=\"2 dakika\" \/>\n<script type=\"application\/ld+json\" class=\"yoast-schema-graph\">{\"@context\":\"https:\/\/schema.org\",\"@graph\":[{\"@type\":\"WebPage\",\"@id\":\"https:\/\/torosfiltrasyon.com\/tr\/kullanim-kosullari\/\",\"url\":\"https:\/\/torosfiltrasyon.com\/tr\/kullanim-kosullari\/\",\"name\":\"Kullan\u0131m Ko\u015fullar\u0131 \/\/ Toros Filtrasyon - Toros Filtrasyon Teknolojileri\",\"isPartOf\":{\"@id\":\"https:\/\/torosfiltrasyon.com\/tr\/#website\"},\"datePublished\":\"2023-04-14T14:06:28+00:00\",\"dateModified\":\"2023-08-30T00:07:04+00:00\",\"breadcrumb\":{\"@id\":\"https:\/\/torosfiltrasyon.com\/tr\/kullanim-kosullari\/#breadcrumb\"},\"inLanguage\":\"tr\",\"potentialAction\":[{\"@type\":\"ReadAction\",\"target\":[\"https:\/\/torosfiltrasyon.com\/tr\/kullanim-kosullari\/\"]}]},{\"@type\":\"BreadcrumbList\",\"@id\":\"https:\/\/torosfiltrasyon.com\/tr\/kullanim-kosullari\/#breadcrumb\",\"itemListElement\":[{\"@type\":\"ListItem\",\"position\":1,\"name\":\"Home\",\"item\":\"https:\/\/torosfiltrasyon.com\/tr\/\"},{\"@type\":\"ListItem\",\"position\":2,\"name\":\"Kullan\u0131m Ko\u015fullar\u0131 \/\/ Toros Filtrasyon\"}]},{\"@type\":\"WebSite\",\"@id\":\"https:\/\/torosfiltrasyon.com\/tr\/#website\",\"url\":\"https:\/\/torosfiltrasyon.com\/tr\/\",\"name\":\"Toros Filtrasyon Teknolojileri\",\"description\":\"\",\"publisher\":{\"@id\":\"https:\/\/torosfiltrasyon.com\/tr\/#organization\"},\"potentialAction\":[{\"@type\":\"SearchAction\",\"target\":{\"@type\":\"EntryPoint\",\"urlTemplate\":\"https:\/\/torosfiltrasyon.com\/tr\/?s={search_term_string}\"},\"query-input\":{\"@type\":\"PropertyValueSpecification\",\"valueRequired\":true,\"valueName\":\"search_term_string\"}}],\"inLanguage\":\"tr\"},{\"@type\":\"Organization\",\"@id\":\"https:\/\/torosfiltrasyon.com\/tr\/#organization\",\"name\":\"Toros Filtrasyon Teknolojileri Ltd. \u015eti.\",\"url\":\"https:\/\/torosfiltrasyon.com\/tr\/\",\"logo\":{\"@type\":\"ImageObject\",\"inLanguage\":\"tr\",\"@id\":\"https:\/\/torosfiltrasyon.com\/tr\/#\/schema\/logo\/image\/\",\"url\":\"https:\/\/torosfiltrasyon.com\/tr\/wp-content\/uploads\/2023\/02\/Toros.png\",\"contentUrl\":\"https:\/\/torosfiltrasyon.com\/tr\/wp-content\/uploads\/2023\/02\/Toros.png\",\"width\":5805,\"height\":1517,\"caption\":\"Toros Filtrasyon Teknolojileri Ltd. \u015eti.\"},\"image\":{\"@id\":\"https:\/\/torosfiltrasyon.com\/tr\/#\/schema\/logo\/image\/\"}}]}<\/script>\n<!-- \/ Yoast SEO plugin. -->","yoast_head_json":{"title":"Kullan\u0131m Ko\u015fullar\u0131 \/\/ Toros Filtrasyon - Toros Filtrasyon Teknolojileri","robots":{"index":"index","follow":"follow","max-snippet":"max-snippet:-1","max-image-preview":"max-image-preview:large","max-video-preview":"max-video-preview:-1"},"canonical":"https:\/\/torosfiltrasyon.com\/tr\/kullanim-kosullari\/","og_locale":"tr_TR","og_type":"article","og_title":"Kullan\u0131m Ko\u015fullar\u0131 \/\/ Toros Filtrasyon - Toros Filtrasyon Teknolojileri","og_description":"Kullan\u0131m Ko\u015fullar\u0131 Kullan\u0131m \u015eartlar\u0131n\u0131 Kabul Etme: Toros web sitesine eri\u015ferek ve kullanarak, bu Kullan\u0131m \u015eartlar\u0131na ba\u011fl\u0131 oldu\u011funuzu kabul edersiniz. Bu \u015fartlardan herhangi birine kat\u0131lm\u0131yorsan\u0131z, l\u00fctfen bu web sitesini kullanmay\u0131n. Toros, bu Kullan\u0131m \u015eartlar\u0131n\u0131 \u00f6nceden bildirim yapmaks\u0131z\u0131n her zaman de\u011fi\u015ftirme hakk\u0131n\u0131 sakl\u0131 tutar. Kullan\u0131m \u015eartlar\u0131ndaki herhangi bir de\u011fi\u015fiklikten sonra web sitesini kullanmaya devam etmeniz, de\u011fi\u015ftirilmi\u015f Kullan\u0131m [&hellip;]","og_url":"https:\/\/torosfiltrasyon.com\/tr\/kullanim-kosullari\/","og_site_name":"Toros Filtrasyon Teknolojileri","article_modified_time":"2023-08-30T00:07:04+00:00","twitter_card":"summary_large_image","twitter_misc":{"Tahmini okuma s\u00fcresi":"2 dakika"},"schema":{"@context":"https:\/\/schema.org","@graph":[{"@type":"WebPage","@id":"https:\/\/torosfiltrasyon.com\/tr\/kullanim-kosullari\/","url":"https:\/\/torosfiltrasyon.com\/tr\/kullanim-kosullari\/","name":"Kullan\u0131m Ko\u015fullar\u0131 \/\/ Toros Filtrasyon - Toros Filtrasyon Teknolojileri","isPartOf":{"@id":"https:\/\/torosfiltrasyon.com\/tr\/#website"},"datePublished":"2023-04-14T14:06:28+00:00","dateModified":"2023-08-30T00:07:04+00:00","breadcrumb":{"@id":"https:\/\/torosfiltrasyon.com\/tr\/kullanim-kosullari\/#breadcrumb"},"inLanguage":"tr","potentialAction":[{"@type":"ReadAction","target":["https:\/\/torosfiltrasyon.com\/tr\/kullanim-kosullari\/"]}]},{"@type":"BreadcrumbList","@id":"https:\/\/torosfiltrasyon.com\/tr\/kullanim-kosullari\/#breadcrumb","itemListElement":[{"@type":"ListItem","position":1,"name":"Home","item":"https:\/\/torosfiltrasyon.com\/tr\/"},{"@type":"ListItem","position":2,"name":"Kullan\u0131m Ko\u015fullar\u0131 \/\/ Toros Filtrasyon"}]},{"@type":"WebSite","@id":"https:\/\/torosfiltrasyon.com\/tr\/#website","url":"https:\/\/torosfiltrasyon.com\/tr\/","name":"Toros Filtrasyon Teknolojileri","description":"","publisher":{"@id":"https:\/\/torosfiltrasyon.com\/tr\/#organization"},"potentialAction":[{"@type":"SearchAction","target":{"@type":"EntryPoint","urlTemplate":"https:\/\/torosfiltrasyon.com\/tr\/?s={search_term_string}"},"query-input":{"@type":"PropertyValueSpecification","valueRequired":true,"valueName":"search_term_string"}}],"inLanguage":"tr"},{"@type":"Organization","@id":"https:\/\/torosfiltrasyon.com\/tr\/#organization","name":"Toros Filtrasyon Teknolojileri Ltd. \u015eti.","url":"https:\/\/torosfiltrasyon.com\/tr\/","logo":{"@type":"ImageObject","inLanguage":"tr","@id":"https:\/\/torosfiltrasyon.com\/tr\/#\/schema\/logo\/image\/","url":"https:\/\/torosfiltrasyon.com\/tr\/wp-content\/uploads\/2023\/02\/Toros.png","contentUrl":"https:\/\/torosfiltrasyon.com\/tr\/wp-content\/uploads\/2023\/02\/Toros.png","width":5805,"height":1517,"caption":"Toros Filtrasyon Teknolojileri Ltd. \u015eti."},"image":{"@id":"https:\/\/torosfiltrasyon.com\/tr\/#\/schema\/logo\/image\/"}}]}},"jetpack_sharing_enabled":true,"_links":{"self":[{"href":"https:\/\/torosfiltrasyon.com\/tr\/wp-json\/wp\/v2\/pages\/5015"}],"collection":[{"href":"https:\/\/torosfiltrasyon.com\/tr\/wp-json\/wp\/v2\/pages"}],"about":[{"href":"https:\/\/torosfiltrasyon.com\/tr\/wp-json\/wp\/v2\/types\/page"}],"author":[{"embeddable":true,"href":"https:\/\/torosfiltrasyon.com\/tr\/wp-json\/wp\/v2\/users\/1"}],"replies":[{"embeddable":true,"href":"https:\/\/torosfiltrasyon.com\/tr\/wp-json\/wp\/v2\/comments?post=5015"}],"version-history":[{"count":34,"href":"https:\/\/torosfiltrasyon.com\/tr\/wp-json\/wp\/v2\/pages\/5015\/revisions"}],"predecessor-version":[{"id":6128,"href":"https:\/\/torosfiltrasyon.com\/tr\/wp-json\/wp\/v2\/pages\/5015\/revisions\/6128"}],"wp:attachment":[{"href":"https:\/\/torosfiltrasyon.com\/tr\/wp-json\/wp\/v2\/media?parent=5015"}],"curies":[{"name":"wp","href":"https:\/\/api.w.org\/{rel}","templated":true}]}}