{"id":4440,"date":"2023-03-28T23:25:31","date_gmt":"2023-03-28T23:25:31","guid":{"rendered":"http:\/\/torosfiltrasyon.online\/s\/?page_id=4440"},"modified":"2023-08-30T00:44:22","modified_gmt":"2023-08-30T00:44:22","slug":"haberler","status":"publish","type":"page","link":"https:\/\/torosfiltrasyon.com\/tr\/haberler\/","title":{"rendered":"Haberler \/\/ Toros Filtrasyon"},"content":{"rendered":"\t\t<div data-elementor-type=\"wp-page\" data-elementor-id=\"4440\" class=\"elementor elementor-4440\" data-elementor-post-type=\"page\">\n\t\t\t\t<div class=\"elementor-element elementor-element-6384b72 e-flex e-con-boxed e-con e-parent\" data-id=\"6384b72\" data-element_type=\"container\" data-settings=\"{&quot;background_background&quot;:&quot;classic&quot;}\">\n\t\t\t\t\t<div class=\"e-con-inner\">\n\t\t<div class=\"elementor-element elementor-element-95c6c08 e-con-full e-flex elementor-invisible e-con e-child\" data-id=\"95c6c08\" data-element_type=\"container\" data-settings=\"{&quot;animation&quot;:&quot;fadeInDown&quot;,&quot;animation_delay&quot;:150}\">\n\t\t\t\t<div class=\"elementor-element elementor-element-c698106 elementor-widget elementor-widget-heading\" data-id=\"c698106\" data-element_type=\"widget\" data-widget_type=\"heading.default\">\n\t\t\t\t<div class=\"elementor-widget-container\">\n\t\t\t<h1 class=\"elementor-heading-title elementor-size-default\">Haberler &amp; Duyurular<\/h1>\t\t<\/div>\n\t\t\t\t<\/div>\n\t\t\t\t<\/div>\n\t\t\t\t<div class=\"elementor-element elementor-element-f3530f4 elementor-posts--align-left elementor-grid-3 elementor-grid-tablet-2 elementor-grid-mobile-1 elementor-posts--thumbnail-top load-more-align-center elementor-invisible elementor-widget elementor-widget-posts\" data-id=\"f3530f4\" data-element_type=\"widget\" data-settings=\"{&quot;classic_row_gap&quot;:{&quot;unit&quot;:&quot;px&quot;,&quot;size&quot;:175,&quot;sizes&quot;:[]},&quot;classic_row_gap_tablet&quot;:{&quot;unit&quot;:&quot;px&quot;,&quot;size&quot;:40,&quot;sizes&quot;:[]},&quot;classic_row_gap_mobile&quot;:{&quot;unit&quot;:&quot;px&quot;,&quot;size&quot;:60,&quot;sizes&quot;:[]},&quot;pagination_type&quot;:&quot;load_more_on_click&quot;,&quot;classic_masonry&quot;:&quot;yes&quot;,&quot;_animation&quot;:&quot;fadeIn&quot;,&quot;_animation_delay&quot;:300,&quot;classic_columns&quot;:&quot;3&quot;,&quot;classic_columns_tablet&quot;:&quot;2&quot;,&quot;classic_columns_mobile&quot;:&quot;1&quot;,&quot;load_more_spinner&quot;:{&quot;value&quot;:&quot;fas fa-spinner&quot;,&quot;library&quot;:&quot;fa-solid&quot;}}\" data-widget_type=\"posts.classic\">\n\t\t\t\t<div class=\"elementor-widget-container\">\n\t\t\t\t\t<div class=\"elementor-posts-container elementor-posts elementor-posts--skin-classic elementor-grid\">\n\t\t\t\t<article class=\"elementor-post elementor-grid-item post-7275 post type-post status-publish format-standard hentry category-news\">\n\t\t\t\t<div class=\"elementor-post__text\">\n\t\t\t\t<h3 class=\"elementor-post__title\">\n\t\t\t<a href=\"https:\/\/torosfiltrasyon.com\/tr\/lubecare-yaglama-bakimi-konferansi\/\" >\n\t\t\t\tLubeCare Ya\u011flama Bak\u0131m\u0131 Konferans\u0131\t\t\t<\/a>\n\t\t<\/h3>\n\t\t\t\t<div class=\"elementor-post__meta-data\">\n\t\t\t\t\t<span class=\"elementor-post-date\">\n\t\t\t24 Ekim, 2024\t\t<\/span>\n\t\t\t\t<\/div>\n\t\t\t\t<div class=\"elementor-post__excerpt\">\n\t\t\t<p>Bu sene ilkini d\u00fczenledi\u011fimiz LubeCare Ya\u011flama Bak\u0131m\u0131 Konferans\u0131, 22 Ekim&#8217;de \u0130stanbul&#8217;da ve 24 Ekim&#8217;de Adana&#8217;da toplam 100&#8217;den fazla sekt\u00f6r profesyonelini bir araya getirdi.<\/p>\n\t\t<\/div>\n\t\t\n\t\t<a class=\"elementor-post__read-more\" href=\"https:\/\/torosfiltrasyon.com\/tr\/lubecare-yaglama-bakimi-konferansi\/\" aria-label=\"Read more about LubeCare Ya\u011flama Bak\u0131m\u0131 Konferans\u0131\" tabindex=\"-1\" >\n\t\t\tDetaylar\t\t<\/a>\n\n\t\t\t\t<\/div>\n\t\t\t\t<\/article>\n\t\t\t\t<article class=\"elementor-post elementor-grid-item post-6860 post type-post status-publish format-standard hentry category-header category-news\">\n\t\t\t\t<div class=\"elementor-post__text\">\n\t\t\t\t<h3 class=\"elementor-post__title\">\n\t\t\t<a href=\"https:\/\/torosfiltrasyon.com\/tr\/toros-lrvs-2023u-destekliyor\/\" >\n\t\t\t\tToros LRVS 2023&#8217;\u00fc Destekliyor\t\t\t<\/a>\n\t\t<\/h3>\n\t\t\t\t<div class=\"elementor-post__meta-data\">\n\t\t\t\t\t<span class=\"elementor-post-date\">\n\t\t\t15 Ekim, 2023\t\t<\/span>\n\t\t\t\t<\/div>\n\t\t\t\t<div class=\"elementor-post__excerpt\">\n\t\t\t<p>Toros, 18 Ekim&#8217;de ger\u00e7ekle\u015ftirilecek LRVS 2023&#8217;\u00fcn (Lubrication and Reliability Virtual Summit) destek\u00e7ileri aras\u0131nda yer al\u0131yor.<\/p>\n\t\t<\/div>\n\t\t\n\t\t<a class=\"elementor-post__read-more\" href=\"https:\/\/torosfiltrasyon.com\/tr\/toros-lrvs-2023u-destekliyor\/\" aria-label=\"Read more about Toros LRVS 2023&#8217;\u00fc Destekliyor\" tabindex=\"-1\" >\n\t\t\tDetaylar\t\t<\/a>\n\n\t\t\t\t<\/div>\n\t\t\t\t<\/article>\n\t\t\t\t<article class=\"elementor-post elementor-grid-item post-4096 post type-post status-publish format-standard hentry category-news\">\n\t\t\t\t<div class=\"elementor-post__text\">\n\t\t\t\t<h3 class=\"elementor-post__title\">\n\t\t\t<a href=\"https:\/\/torosfiltrasyon.com\/tr\/toros-icci-mayis2023\/\" >\n\t\t\t\tToros, 24-26 May\u0131s tarihleri aras\u0131nda ICCI 2023&#8217;te  B17 numaral\u0131 standda olacak\t\t\t<\/a>\n\t\t<\/h3>\n\t\t\t\t<div class=\"elementor-post__meta-data\">\n\t\t\t\t\t<span class=\"elementor-post-date\">\n\t\t\t14 Nisan, 2023\t\t<\/span>\n\t\t\t\t<\/div>\n\t\t\t\t<div class=\"elementor-post__excerpt\">\n\t\t\t<p>27. y\u0131l\u0131nda, ICCI 2023 Uluslararas\u0131 Enerji ve \u00c7evre Fuar\u0131 ve Konferans\u0131 \u0130stanbul, T\u00fcrkiye&#8217;de ger\u00e7ekle\u015fecek.<\/p>\n\t\t<\/div>\n\t\t\n\t\t<a class=\"elementor-post__read-more\" href=\"https:\/\/torosfiltrasyon.com\/tr\/toros-icci-mayis2023\/\" aria-label=\"Read more about Toros, 24-26 May\u0131s tarihleri aras\u0131nda ICCI 2023&#8217;te  B17 numaral\u0131 standda olacak\" tabindex=\"-1\" >\n\t\t\tDetaylar\t\t<\/a>\n\n\t\t\t\t<\/div>\n\t\t\t\t<\/article>\n\t\t\t\t<article class=\"elementor-post elementor-grid-item post-4467 post type-post status-publish format-standard hentry category-news tag-torosheader\">\n\t\t\t\t<div class=\"elementor-post__text\">\n\t\t\t\t<h3 class=\"elementor-post__title\">\n\t\t\t<a href=\"https:\/\/torosfiltrasyon.com\/tr\/toros-bakim-istanbul\/\" >\n\t\t\t\tToros, 3-4 May\u0131s tarihleri aras\u0131nda Bak\u0131m \u0130stanbul 2023&#8217;e kat\u0131l\u0131yor\t\t\t<\/a>\n\t\t<\/h3>\n\t\t\t\t<div class=\"elementor-post__meta-data\">\n\t\t\t\t\t<span class=\"elementor-post-date\">\n\t\t\t13 Nisan, 2023\t\t<\/span>\n\t\t\t\t<\/div>\n\t\t\t\t<div class=\"elementor-post__excerpt\">\n\t\t\t<p>Bak\u0131m Sempozyumu&#8217;nun ikinci y\u0131l\u0131nda, Toros etkinlik ba\u015f sponsoru olarak kat\u0131l\u0131yor. Stand\u0131m\u0131zda en iyi uygulamalar\u0131 payla\u015fman\u0131n yan\u0131 s\u0131ra Vernikle\u015fme Giderme \u00c7\u00f6z\u00fcmleri sunumumuzu da payla\u015faca\u011f\u0131z.<\/p>\n\t\t<\/div>\n\t\t\n\t\t<a class=\"elementor-post__read-more\" href=\"https:\/\/torosfiltrasyon.com\/tr\/toros-bakim-istanbul\/\" aria-label=\"Read more about Toros, 3-4 May\u0131s tarihleri aras\u0131nda Bak\u0131m \u0130stanbul 2023&#8217;e kat\u0131l\u0131yor\" tabindex=\"-1\" >\n\t\t\tDetaylar\t\t<\/a>\n\n\t\t\t\t<\/div>\n\t\t\t\t<\/article>\n\t\t\t\t<article class=\"elementor-post elementor-grid-item post-4323 post type-post status-publish format-standard hentry category-news\">\n\t\t\t\t<div class=\"elementor-post__text\">\n\t\t\t\t<h3 class=\"elementor-post__title\">\n\t\t\t<a href=\"https:\/\/torosfiltrasyon.com\/tr\/toros-hannover\/\" >\n\t\t\t\tToros, 17 Nisan&#8217;dan itibaren Hannover Messe 2023 Fuar\u0131&#8217;nda yer alacak\t\t\t<\/a>\n\t\t<\/h3>\n\t\t\t\t<div class=\"elementor-post__meta-data\">\n\t\t\t\t\t<span class=\"elementor-post-date\">\n\t\t\t11 Nisan, 2023\t\t<\/span>\n\t\t\t\t<\/div>\n\t\t\t\t<div class=\"elementor-post__excerpt\">\n\t\t\t<p>D\u00fcnyan\u0131n en b\u00fcy\u00fck ticaret fuarlar\u0131ndan biri olan Hannover Messe, 1947 y\u0131l\u0131ndan bu yana end\u00fcstri geli\u015fimi konusuna odaklan\u0131yor. \u0130\u015f alan\u0131m\u0131z\u0131 k\u00fcresel olarak geni\u015fletmeye devam etme amac\u0131yla fuarda 3. kez yer al\u0131yoruz.<\/p>\n\t\t<\/div>\n\t\t\n\t\t<a class=\"elementor-post__read-more\" href=\"https:\/\/torosfiltrasyon.com\/tr\/toros-hannover\/\" aria-label=\"Read more about Toros, 17 Nisan&#8217;dan itibaren Hannover Messe 2023 Fuar\u0131&#8217;nda yer alacak\" tabindex=\"-1\" >\n\t\t\tDetaylar\t\t<\/a>\n\n\t\t\t\t<\/div>\n\t\t\t\t<\/article>\n\t\t\t\t<\/div>\n\t\t\t\t\t<span class=\"e-load-more-spinner\">\n\t\t\t\t<svg aria-hidden=\"true\" class=\"e-font-icon-svg e-fas-spinner\" viewBox=\"0 0 512 512\" xmlns=\"http:\/\/www.w3.org\/2000\/svg\"><path d=\"M304 48c0 26.51-21.49 48-48 48s-48-21.49-48-48 21.49-48 48-48 48 21.49 48 48zm-48 368c-26.51 0-48 21.49-48 48s21.49 48 48 48 48-21.49 48-48-21.49-48-48-48zm208-208c-26.51 0-48 21.49-48 48s21.49 48 48 48 48-21.49 48-48-21.49-48-48-48zM96 256c0-26.51-21.49-48-48-48S0 229.49 0 256s21.49 48 48 48 48-21.49 48-48zm12.922 99.078c-26.51 0-48 21.49-48 48s21.49 48 48 48 48-21.49 48-48c0-26.509-21.491-48-48-48zm294.156 0c-26.51 0-48 21.49-48 48s21.49 48 48 48 48-21.49 48-48c0-26.509-21.49-48-48-48zM108.922 60.922c-26.51 0-48 21.49-48 48s21.49 48 48 48 48-21.49 48-48-21.491-48-48-48z\"><\/path><\/svg>\t\t\t<\/span>\n\t\t\n\t\t\t\t<\/div>\n\t\t\t\t<\/div>\n\t\t\t\t\t<\/div>\n\t\t\t\t<\/div>\n\t\t\t\t<\/div>\n\t\t","protected":false},"excerpt":{"rendered":"<p>Haberler &amp; Duyurular<\/p>\n","protected":false},"author":1,"featured_media":0,"parent":0,"menu_order":0,"comment_status":"closed","ping_status":"closed","template":"","meta":{"_acf_changed":false,"footnotes":""},"class_list":["post-4440","page","type-page","status-publish","hentry"],"acf":[],"yoast_head":"<!-- This site is optimized with the Yoast SEO plugin v23.6 - https:\/\/yoast.com\/wordpress\/plugins\/seo\/ -->\n<title>Haberler \/\/ Toros Filtrasyon - Toros Filtrasyon Teknolojileri<\/title>\n<meta name=\"robots\" content=\"index, follow, max-snippet:-1, max-image-preview:large, max-video-preview:-1\" \/>\n<link rel=\"canonical\" href=\"https:\/\/torosfiltrasyon.com\/tr\/haberler\/\" \/>\n<meta property=\"og:locale\" content=\"tr_TR\" \/>\n<meta property=\"og:type\" content=\"article\" \/>\n<meta property=\"og:title\" content=\"Haberler \/\/ Toros Filtrasyon - Toros Filtrasyon Teknolojileri\" \/>\n<meta property=\"og:description\" content=\"Haberler &amp; Duyurular\" \/>\n<meta property=\"og:url\" content=\"https:\/\/torosfiltrasyon.com\/tr\/haberler\/\" \/>\n<meta property=\"og:site_name\" content=\"Toros Filtrasyon Teknolojileri\" \/>\n<meta property=\"article:modified_time\" content=\"2023-08-30T00:44:22+00:00\" \/>\n<meta name=\"twitter:card\" content=\"summary_large_image\" \/>\n<meta name=\"twitter:label1\" content=\"Tahmini okuma s\u00fcresi\" \/>\n\t<meta name=\"twitter:data1\" content=\"1 dakika\" \/>\n<script type=\"application\/ld+json\" class=\"yoast-schema-graph\">{\"@context\":\"https:\/\/schema.org\",\"@graph\":[{\"@type\":\"WebPage\",\"@id\":\"https:\/\/torosfiltrasyon.com\/tr\/haberler\/\",\"url\":\"https:\/\/torosfiltrasyon.com\/tr\/haberler\/\",\"name\":\"Haberler \/\/ Toros Filtrasyon - Toros Filtrasyon Teknolojileri\",\"isPartOf\":{\"@id\":\"https:\/\/torosfiltrasyon.com\/tr\/#website\"},\"datePublished\":\"2023-03-28T23:25:31+00:00\",\"dateModified\":\"2023-08-30T00:44:22+00:00\",\"breadcrumb\":{\"@id\":\"https:\/\/torosfiltrasyon.com\/tr\/haberler\/#breadcrumb\"},\"inLanguage\":\"tr\",\"potentialAction\":[{\"@type\":\"ReadAction\",\"target\":[\"https:\/\/torosfiltrasyon.com\/tr\/haberler\/\"]}]},{\"@type\":\"BreadcrumbList\",\"@id\":\"https:\/\/torosfiltrasyon.com\/tr\/haberler\/#breadcrumb\",\"itemListElement\":[{\"@type\":\"ListItem\",\"position\":1,\"name\":\"Home\",\"item\":\"https:\/\/torosfiltrasyon.com\/tr\/\"},{\"@type\":\"ListItem\",\"position\":2,\"name\":\"Haberler \/\/ Toros Filtrasyon\"}]},{\"@type\":\"WebSite\",\"@id\":\"https:\/\/torosfiltrasyon.com\/tr\/#website\",\"url\":\"https:\/\/torosfiltrasyon.com\/tr\/\",\"name\":\"Toros Filtrasyon Teknolojileri\",\"description\":\"\",\"publisher\":{\"@id\":\"https:\/\/torosfiltrasyon.com\/tr\/#organization\"},\"potentialAction\":[{\"@type\":\"SearchAction\",\"target\":{\"@type\":\"EntryPoint\",\"urlTemplate\":\"https:\/\/torosfiltrasyon.com\/tr\/?s={search_term_string}\"},\"query-input\":{\"@type\":\"PropertyValueSpecification\",\"valueRequired\":true,\"valueName\":\"search_term_string\"}}],\"inLanguage\":\"tr\"},{\"@type\":\"Organization\",\"@id\":\"https:\/\/torosfiltrasyon.com\/tr\/#organization\",\"name\":\"Toros Filtrasyon Teknolojileri Ltd. \u015eti.\",\"url\":\"https:\/\/torosfiltrasyon.com\/tr\/\",\"logo\":{\"@type\":\"ImageObject\",\"inLanguage\":\"tr\",\"@id\":\"https:\/\/torosfiltrasyon.com\/tr\/#\/schema\/logo\/image\/\",\"url\":\"https:\/\/torosfiltrasyon.com\/tr\/wp-content\/uploads\/2023\/02\/Toros.png\",\"contentUrl\":\"https:\/\/torosfiltrasyon.com\/tr\/wp-content\/uploads\/2023\/02\/Toros.png\",\"width\":5805,\"height\":1517,\"caption\":\"Toros Filtrasyon Teknolojileri Ltd. \u015eti.\"},\"image\":{\"@id\":\"https:\/\/torosfiltrasyon.com\/tr\/#\/schema\/logo\/image\/\"}}]}<\/script>\n<!-- \/ Yoast SEO plugin. -->","yoast_head_json":{"title":"Haberler \/\/ Toros Filtrasyon - Toros Filtrasyon Teknolojileri","robots":{"index":"index","follow":"follow","max-snippet":"max-snippet:-1","max-image-preview":"max-image-preview:large","max-video-preview":"max-video-preview:-1"},"canonical":"https:\/\/torosfiltrasyon.com\/tr\/haberler\/","og_locale":"tr_TR","og_type":"article","og_title":"Haberler \/\/ Toros Filtrasyon - Toros Filtrasyon Teknolojileri","og_description":"Haberler &amp; Duyurular","og_url":"https:\/\/torosfiltrasyon.com\/tr\/haberler\/","og_site_name":"Toros Filtrasyon Teknolojileri","article_modified_time":"2023-08-30T00:44:22+00:00","twitter_card":"summary_large_image","twitter_misc":{"Tahmini okuma s\u00fcresi":"1 dakika"},"schema":{"@context":"https:\/\/schema.org","@graph":[{"@type":"WebPage","@id":"https:\/\/torosfiltrasyon.com\/tr\/haberler\/","url":"https:\/\/torosfiltrasyon.com\/tr\/haberler\/","name":"Haberler \/\/ Toros Filtrasyon - Toros Filtrasyon Teknolojileri","isPartOf":{"@id":"https:\/\/torosfiltrasyon.com\/tr\/#website"},"datePublished":"2023-03-28T23:25:31+00:00","dateModified":"2023-08-30T00:44:22+00:00","breadcrumb":{"@id":"https:\/\/torosfiltrasyon.com\/tr\/haberler\/#breadcrumb"},"inLanguage":"tr","potentialAction":[{"@type":"ReadAction","target":["https:\/\/torosfiltrasyon.com\/tr\/haberler\/"]}]},{"@type":"BreadcrumbList","@id":"https:\/\/torosfiltrasyon.com\/tr\/haberler\/#breadcrumb","itemListElement":[{"@type":"ListItem","position":1,"name":"Home","item":"https:\/\/torosfiltrasyon.com\/tr\/"},{"@type":"ListItem","position":2,"name":"Haberler \/\/ Toros Filtrasyon"}]},{"@type":"WebSite","@id":"https:\/\/torosfiltrasyon.com\/tr\/#website","url":"https:\/\/torosfiltrasyon.com\/tr\/","name":"Toros Filtrasyon Teknolojileri","description":"","publisher":{"@id":"https:\/\/torosfiltrasyon.com\/tr\/#organization"},"potentialAction":[{"@type":"SearchAction","target":{"@type":"EntryPoint","urlTemplate":"https:\/\/torosfiltrasyon.com\/tr\/?s={search_term_string}"},"query-input":{"@type":"PropertyValueSpecification","valueRequired":true,"valueName":"search_term_string"}}],"inLanguage":"tr"},{"@type":"Organization","@id":"https:\/\/torosfiltrasyon.com\/tr\/#organization","name":"Toros Filtrasyon Teknolojileri Ltd. \u015eti.","url":"https:\/\/torosfiltrasyon.com\/tr\/","logo":{"@type":"ImageObject","inLanguage":"tr","@id":"https:\/\/torosfiltrasyon.com\/tr\/#\/schema\/logo\/image\/","url":"https:\/\/torosfiltrasyon.com\/tr\/wp-content\/uploads\/2023\/02\/Toros.png","contentUrl":"https:\/\/torosfiltrasyon.com\/tr\/wp-content\/uploads\/2023\/02\/Toros.png","width":5805,"height":1517,"caption":"Toros Filtrasyon Teknolojileri Ltd. \u015eti."},"image":{"@id":"https:\/\/torosfiltrasyon.com\/tr\/#\/schema\/logo\/image\/"}}]}},"jetpack_sharing_enabled":true,"_links":{"self":[{"href":"https:\/\/torosfiltrasyon.com\/tr\/wp-json\/wp\/v2\/pages\/4440"}],"collection":[{"href":"https:\/\/torosfiltrasyon.com\/tr\/wp-json\/wp\/v2\/pages"}],"about":[{"href":"https:\/\/torosfiltrasyon.com\/tr\/wp-json\/wp\/v2\/types\/page"}],"author":[{"embeddable":true,"href":"https:\/\/torosfiltrasyon.com\/tr\/wp-json\/wp\/v2\/users\/1"}],"replies":[{"embeddable":true,"href":"https:\/\/torosfiltrasyon.com\/tr\/wp-json\/wp\/v2\/comments?post=4440"}],"version-history":[{"count":26,"href":"https:\/\/torosfiltrasyon.com\/tr\/wp-json\/wp\/v2\/pages\/4440\/revisions"}],"predecessor-version":[{"id":6159,"href":"https:\/\/torosfiltrasyon.com\/tr\/wp-json\/wp\/v2\/pages\/4440\/revisions\/6159"}],"wp:attachment":[{"href":"https:\/\/torosfiltrasyon.com\/tr\/wp-json\/wp\/v2\/media?parent=4440"}],"curies":[{"name":"wp","href":"https:\/\/api.w.org\/{rel}","templated":true}]}}